{"id":781,"date":"2024-08-30T18:15:10","date_gmt":"2024-08-30T18:15:10","guid":{"rendered":"https:\/\/proex.uepa.br\/?page_id=781"},"modified":"2024-09-05T14:48:01","modified_gmt":"2024-09-05T14:48:01","slug":"dac-diretoria-de-cultura","status":"publish","type":"page","link":"https:\/\/proex.uepa.br\/index.php\/dac-diretoria-de-cultura\/","title":{"rendered":"DAC &#8211; Diretoria de Arte e Cultura"},"content":{"rendered":"\n<div class=\"wp-block-uagb-container uagb-block-689e9432 default uagb-is-root-container\">\n<p><strong>QUEM SOMOS?<\/strong><\/p>\n\n\n\n<p class=\"has-text-align-left\">O N\u00facleo de Arte e Cultura PROEX\/UEPA foi criado com o objetivo de integrar e fomentar as atividades art\u00edsticas e culturais da UEPA, em contato com a comunidade. Em 20 de dezembro de 2023, foi aprovada a Resolu\u00e7\u00e3o 4074\/23 \u2013 CONSUN \/ UEPA que aprova a cria\u00e7\u00e3o e regulamenta\u00e7\u00e3o do NAC, bem como, neste mesmo ano, foi aprovado or\u00e7amento financeiro para funcionamento.&nbsp;Em 2024, com objetivo da Reitoria de ampliar estrutura de funcionamento, autonomia, independ\u00eancia e promo\u00e7\u00e3o do conhecimento no \u00e2mbito da Arte e Cultura nos diversos Campi da UEPA, o NAC tornou-se Diretoria de Arte e Cultura (DAC) com Resolu\u00e7\u00e3o atualizada 4107\/2024 \u2013 CONSUN\/UEPA aprovada em 03 de abril de 2024.&nbsp;A Diretoria de Arte e Cultura (DAC) \u00e9 vinculada a Pr\u00f3-Reitoria de Extens\u00e3o (PROEX\/UEPA) e tem como miss\u00e3o oferecer \u00e0 comunidade acad\u00eamica e a sociedade de modo geral, uma programa\u00e7\u00e3o cultural plural, \u00e9tica e comprometida com a UEPA, \u00e0 cidadania, \u00e0 democracia, contribuindo para transforma\u00e7\u00e3o social.&nbsp;A DAC coordena a R\u00e1dio Web\/UEPA e grupos musicais: Madrigal da UEPA no Campus I CCSE em Bel\u00e9m-Pa e Quarteto Musical de Bragan\u00e7a-PA no Campus XXI UEPA Liceu da M\u00fasica em Bragan\u00e7a-PA.&nbsp;<\/p>\n\n\n\n<p><strong>MISS\u00c3O<\/strong>:<\/p>\n\n\n\n<p>Oferecer \u00e0 comunidade acad\u00eamica e a sociedade de modo geral, uma programa\u00e7\u00e3o cultural plural, \u00e9tica e comprometida com a UEPA, \u00e0 cidadania, \u00e0 democracia, contribuindo para transforma\u00e7\u00e3o social.&nbsp;<\/p>\n\n\n\n<p><strong>OBJETIVOS:<\/strong><\/p>\n\n\n\n<ol class=\"wp-block-list\" start=\"1\">\n<li>Oferecer ao p\u00fablico em geral atividades art\u00edstico-culturais plurais que estimulem a forma\u00e7\u00e3o do esp\u00edrito cr\u00edtico;&nbsp;<\/li>\n\n\n\n<li>Produzir variedade de formatos e g\u00eaneros art\u00edstico-culturais que procurem ampliar a capacidade de reflex\u00e3o dos indiv\u00edduos de comunidades e grupos sociais em prol da coletividade;&nbsp;<\/li>\n\n\n\n<li>Contribuir para a forma\u00e7\u00e3o profissional da comunidade acad\u00eamica, bem como comunidades externas, nas \u00e1reas de conhecimento e atua\u00e7\u00e3o apoiando pr\u00e1ticas de ensino, pesquisa e extens\u00e3o;&nbsp;<\/li>\n\n\n\n<li>Incentivar a democratiza\u00e7\u00e3o da arte e cultura;&nbsp;<\/li>\n\n\n\n<li>Buscar instrumentalizar os campi, visando a execu\u00e7\u00e3o dos seus projetos no \u00e2mbito da Arte e Cultura;&nbsp;<\/li>\n\n\n\n<li>Promover a divulga\u00e7\u00e3o do conhecimento cient\u00edfico no \u00e2mbito da Arte e Cultura produzido nos Campi;&nbsp;<\/li>\n\n\n\n<li>Contribuir para a prote\u00e7\u00e3o do patrim\u00f4nio material e imaterial regional e nacional;&nbsp;<\/li>\n\n\n\n<li>Promover programa\u00e7\u00f5es, via Campi, com finalidades educativas, art\u00edsticas, culturais, cient\u00edficas, informativas e inovadoras no \u00e2mbito da Arte e Cultura.&nbsp;<\/li>\n<\/ol>\n\n\n\n<p>Atualmente a DAC \u00e9 dirigida pela Profa. Dra. Jessika Rodrigues da Silva.&nbsp;<\/p>\n\n\n\n<p><strong>A\u00c7\u00d5ES EM ANDAMENTO<\/strong>:<\/p>\n\n\n\n<p class=\"has-text-align-center\"><strong>R\u00c1DIO WEB\/UEPA<\/strong>&nbsp;<\/p>\n\n\n\n<p>A R\u00e1dio Web\/UEPA foi criada em 2020 e tem como objetivo propagar a educomunica\u00e7\u00e3o com a comunidade acad\u00eamica da UEPA, mediando tecnologicamente, instigando reflex\u00f5es epistemol\u00f3gicas, levando arte, cultura, informa\u00e7\u00e3o e produ\u00e7\u00f5es midi\u00e1ticas, com uma gest\u00e3o comprometida em todo o processo educativo-libertador, capaz de romper barreiras geogr\u00e1ficas e sociais. Em 2023 a R\u00e1dio Web\/UEPA criou identidade visual, efetivou cadastro junto ao Escrit\u00f3rio Central de Arrecada\u00e7\u00e3o e Distribui\u00e7\u00e3o (ECAD) para autoriza\u00e7\u00e3o dos direitos autorais das m\u00fasicas tocadas na r\u00e1dio e organizar o site para funcionamento regular. A R\u00e1dio Web\/UEPA chegou a registrar alcance de 2100 ouvinte no m\u00eas em 2023, rompendo fronteiras Paraenses, registrando acesso de ouvintes no Estado de S\u00e3o Paulo e Estado Unidos. Em sua programa\u00e7\u00e3o, a R\u00e1dio Web\/UEPA conta com programas de pr\u00f3pria autoria e programas dispon\u00edveis em Programas de R\u00e1dio.<\/p>\n\n\n\n<ol class=\"wp-block-list\" start=\"2\">\n<li><strong>PROJETOS VIA EDITAIS<\/strong>&nbsp;<\/li>\n<\/ol>\n\n\n\n<p>A Universidade do Estado do Par\u00e1 (Uepa), por meio da Pr\u00f3-Reitoria de Extens\u00e3o (Proex) e da Diretoria de Arte e Cultura (DAC) lan\u00e7a editais anuais destinado a alunos de gradua\u00e7\u00e3o da UEPA e tem como objetivo promover e divulgar a cultura musical atrav\u00e9s da extens\u00e3o universit\u00e1ria, favorecer o acesso da popula\u00e7\u00e3o ao conhecimento musical integrando a comunidade acad\u00eamica, nas a\u00e7\u00f5es que ser\u00e3o desenvolvidas nos referidos projeto e proporcionar o ensino da m\u00fasica atrav\u00e9s das diversas linguagens culturais, despertando o interesse pela cultura musical.&nbsp;<\/p>\n\n\n\n<ol class=\"wp-block-list\" start=\"1\">\n<li>MADRIGAL UEPA (CAMPUS I \u2013 CCSE &#8211; BEL\u00c9M)&nbsp;<\/li>\n<\/ol>\n\n\n\n<p>&nbsp;&nbsp;&nbsp;&nbsp;&nbsp;&nbsp;&nbsp; No cora\u00e7\u00e3o da vibrante cena musical universit\u00e1ria paraense, surge o Projeto Madrigal da Universidade do Estado do Par\u00e1. Unidos pela paix\u00e3o pela m\u00fasica e pela busca constante de melhoria, esses estudantes universit\u00e1rios apresentam caracter\u00edsticas excepcionais resultantes de suas trajet\u00f3rias e experi\u00eancias \u00fanicas. Cada integrante revela uma riqueza dentre as origens musicais diferentes que se traduz num compilado sonoro em que cada voz \u00e9 designada para a cria\u00e7\u00e3o de uma tape\u00e7aria musical viva e aut\u00eantica. Essa diversidade de experi\u00eancias se reflete na amplitude do repert\u00f3rio explorado pelo grupo. Do cl\u00e1ssico ao pop, do pop ao moderno, do moderno ao regional, do regional ao nacional, do nacional ao mundial, os cantores atravessam naturalmente diferentes g\u00eaneros musicais, absorvendo e reinterpretando a originalidade de cada estilo.&nbsp;<\/p>\n\n\n\n<div class=\"wp-block-uagb-image uagb-block-56dee1ca wp-block-uagb-image--layout-default wp-block-uagb-image--effect-static wp-block-uagb-image--align-none\"><figure class=\"wp-block-uagb-image__figure\"><img decoding=\"async\" srcset=\"https:\/\/proex.uepa.br\/wp-content\/uploads\/2024\/09\/madrigal_2_0.jpg ,https:\/\/proex.uepa.br\/wp-content\/uploads\/2024\/09\/madrigal_2_0.jpg 780w, https:\/\/proex.uepa.br\/wp-content\/uploads\/2024\/09\/madrigal_2_0.jpg 360w\" sizes=\"auto, (max-width: 480px) 150px\" src=\"https:\/\/proex.uepa.br\/wp-content\/uploads\/2024\/09\/madrigal_2_0.jpg\" alt=\"\" class=\"uag-image-802\" width=\"542\" height=\"325\" title=\"\" loading=\"lazy\"\/><\/figure><\/div>\n\n\n\n<p>Criado em 2001, o Madrigal da UEPA \u00e9 um Projeto da Diretoria de Arte e Cultura vinculada \u00e0 Pr\u00f3-reitoria de Extens\u00e3o da Universidade do Estado do Par\u00e1 (DAC\/PROEX\/UEPA). Atualmente os integrantes do Projeto Madrigal da UEPA s\u00e3o selecionados por meio de edital e devem ser alunos devidamente matriculados em algum curso dessa institui\u00e7\u00e3o. O grupo participa ativamente da vida art\u00edstica da cidade e no \u00e2mbito da Universidade. Este ano de 2024 o Madrigal completa 23 anos e tem como regente a Profa. Dra. Ana Maria de Castro Souza desde 2016 e a pianista Francielem Monteiro.&nbsp;O grupo atua com o foco no Canto Coral no qual se trabalham t\u00e9cnicas de respira\u00e7\u00e3o e vocal. O objetivo \u00e9 aperfei\u00e7oar: afina\u00e7\u00e3o, dic\u00e7\u00e3o e articula\u00e7\u00e3o para expressar m\u00fasicas brasileiras, assim como repert\u00f3rio em outros idiomas. Os cantores tamb\u00e9m recebem aulas de express\u00e3o corporal, com a finalidade de preparar o corpo para interpreta\u00e7\u00e3o dos g\u00eaneros musicais e o significado do texto. Somado ao trabalho vocal e corporal, o complemento que valoriza a interpreta\u00e7\u00e3o musical \u00e9 o acompanhamento instrumental com piano e percuss\u00e3o e eventualmente com instrumentos de sopro ou cordas.&nbsp;<\/p>\n\n\n\n<ol class=\"wp-block-list\" start=\"2\">\n<li>QUARTETO MUSICAL DE BRAGAN\u00c7A (CAMPUS XXI \u2013 LICEU DA M\u00daSICA \u2013 BRAGAN\u00c7A)&nbsp;<\/li>\n<\/ol>\n\n\n\n<p>O Quarteto Musical da UEPA do Campus XXI &#8211; Bragan\u00e7a foi criado no ano de 2023. Disponibiliza quatro vagas para bolsistas, podendo acolher volunt\u00e1rios no projeto. Os bolsistas e volunt\u00e1rios que participam recebem documento comprobat\u00f3rio do exerc\u00edcio, ao final de seu contrato\/termo de compromisso, emitido pela Proex, desde que estejam quites com toda a documenta\u00e7\u00e3o relativa \u00e0 atividade de sua compet\u00eancia, inclusive as frequ\u00eancias.&nbsp;<\/p>\n\n\n\n<p>Os participantes atuam em regime de quatro horas semanais, sendo vedado qualquer tipo de v\u00ednculo empregat\u00edcio, e participam de apresenta\u00e7\u00f5es em eventos, quando necess\u00e1rio. Ao ingressar no projeto, o(a) aluno(a) assume o compromisso de permanecer nele pelo per\u00edodo m\u00ednimo de seis meses ininterruptos, a contar da data de assinatura do Termo de Compromisso, sob pena de ficar impossibilitado de participar de outros processos seletivos executados no \u00e2mbito da Diretoria de Arte e Cultura (DAC\/Proex), por um prazo de doze meses.<strong>&nbsp;<\/strong>&nbsp;<\/p>\n\n\n\n<p class=\"has-text-align-left\"><strong>Coordenadora:<\/strong> Jessika Rodrigues da Silva<\/p>\n\n\n\n<p class=\"has-text-align-left\"><strong>Email:<\/strong> diretoriadearteecultura@uepa.br<\/p>\n\n\n\n<p class=\"has-text-align-left\"><strong>Endere\u00e7o: <\/strong>travessa Dom Pedro I, n\u00ba 519, Umarizal &#8211; CEP: 66.050-100<\/p>\n<\/div>\n","protected":false},"excerpt":{"rendered":"<p>QUEM SOMOS? O N\u00facleo de Arte e Cultura PROEX\/UEPA foi criado com o objetivo de integrar e fomentar as atividades art\u00edsticas e culturais da UEPA, em contato com a comunidade. Em 20 de dezembro de 2023, foi aprovada a Resolu\u00e7\u00e3o 4074\/23 \u2013 CONSUN \/ UEPA que aprova a cria\u00e7\u00e3o e regulamenta\u00e7\u00e3o do NAC, bem como, &hellip;<\/p>\n<p class=\"read-more\"> <a class=\"\" href=\"https:\/\/proex.uepa.br\/index.php\/dac-diretoria-de-cultura\/\"> <span class=\"screen-reader-text\">DAC &#8211; Diretoria de Arte e Cultura<\/span> Leia mais &raquo;<\/a><\/p>\n","protected":false},"author":1,"featured_media":0,"parent":0,"menu_order":0,"comment_status":"closed","ping_status":"closed","template":"","meta":{"_uag_custom_page_level_css":"","site-sidebar-layout":"default","site-content-layout":"","ast-site-content-layout":"default","site-content-style":"default","site-sidebar-style":"default","ast-global-header-display":"","ast-banner-title-visibility":"","ast-main-header-display":"","ast-hfb-above-header-display":"","ast-hfb-below-header-display":"","ast-hfb-mobile-header-display":"","site-post-title":"","ast-breadcrumbs-content":"","ast-featured-img":"","footer-sml-layout":"","theme-transparent-header-meta":"","adv-header-id-meta":"","stick-header-meta":"","header-above-stick-meta":"","header-main-stick-meta":"","header-below-stick-meta":"","astra-migrate-meta-layouts":"set","ast-page-background-enabled":"default","ast-page-background-meta":{"desktop":{"background-color":"var(--ast-global-color-4)","background-image":"","background-repeat":"repeat","background-position":"center center","background-size":"auto","background-attachment":"scroll","background-type":"","background-media":"","overlay-type":"","overlay-color":"","overlay-gradient":""},"tablet":{"background-color":"","background-image":"","background-repeat":"repeat","background-position":"center center","background-size":"auto","background-attachment":"scroll","background-type":"","background-media":"","overlay-type":"","overlay-color":"","overlay-gradient":""},"mobile":{"background-color":"","background-image":"","background-repeat":"repeat","background-position":"center center","background-size":"auto","background-attachment":"scroll","background-type":"","background-media":"","overlay-type":"","overlay-color":"","overlay-gradient":""}},"ast-content-background-meta":{"desktop":{"background-color":"var(--ast-global-color-5)","background-image":"","background-repeat":"repeat","background-position":"center center","background-size":"auto","background-attachment":"scroll","background-type":"","background-media":"","overlay-type":"","overlay-color":"","overlay-gradient":""},"tablet":{"background-color":"var(--ast-global-color-5)","background-image":"","background-repeat":"repeat","background-position":"center center","background-size":"auto","background-attachment":"scroll","background-type":"","background-media":"","overlay-type":"","overlay-color":"","overlay-gradient":""},"mobile":{"background-color":"var(--ast-global-color-5)","background-image":"","background-repeat":"repeat","background-position":"center center","background-size":"auto","background-attachment":"scroll","background-type":"","background-media":"","overlay-type":"","overlay-color":"","overlay-gradient":""}},"footnotes":""},"class_list":["post-781","page","type-page","status-publish","hentry"],"uagb_featured_image_src":{"full":false,"thumbnail":false,"medium":false,"medium_large":false,"large":false,"1536x1536":false,"2048x2048":false},"uagb_author_info":{"display_name":"adminsites@uepa.br","author_link":"https:\/\/proex.uepa.br\/index.php\/author\/adminsitesuepa-br\/"},"uagb_comment_info":0,"uagb_excerpt":"QUEM SOMOS? O N\u00facleo de Arte e Cultura PROEX\/UEPA foi criado com o objetivo de integrar e fomentar as atividades art\u00edsticas e culturais da UEPA, em contato com a comunidade. Em 20 de dezembro de 2023, foi aprovada a Resolu\u00e7\u00e3o 4074\/23 \u2013 CONSUN \/ UEPA que aprova a cria\u00e7\u00e3o e regulamenta\u00e7\u00e3o do NAC, bem como,&hellip;","_links":{"self":[{"href":"https:\/\/proex.uepa.br\/index.php\/wp-json\/wp\/v2\/pages\/781","targetHints":{"allow":["GET"]}}],"collection":[{"href":"https:\/\/proex.uepa.br\/index.php\/wp-json\/wp\/v2\/pages"}],"about":[{"href":"https:\/\/proex.uepa.br\/index.php\/wp-json\/wp\/v2\/types\/page"}],"author":[{"embeddable":true,"href":"https:\/\/proex.uepa.br\/index.php\/wp-json\/wp\/v2\/users\/1"}],"replies":[{"embeddable":true,"href":"https:\/\/proex.uepa.br\/index.php\/wp-json\/wp\/v2\/comments?post=781"}],"version-history":[{"count":6,"href":"https:\/\/proex.uepa.br\/index.php\/wp-json\/wp\/v2\/pages\/781\/revisions"}],"predecessor-version":[{"id":805,"href":"https:\/\/proex.uepa.br\/index.php\/wp-json\/wp\/v2\/pages\/781\/revisions\/805"}],"wp:attachment":[{"href":"https:\/\/proex.uepa.br\/index.php\/wp-json\/wp\/v2\/media?parent=781"}],"curies":[{"name":"wp","href":"https:\/\/api.w.org\/{rel}","templated":true}]}}