{"id":773,"date":"2024-08-30T18:10:11","date_gmt":"2024-08-30T18:10:11","guid":{"rendered":"https:\/\/proex.uepa.br\/?page_id=773"},"modified":"2025-01-15T12:41:10","modified_gmt":"2025-01-15T12:41:10","slug":"diretoria-de-nucleo","status":"publish","type":"page","link":"https:\/\/proex.uepa.br\/index.php\/diretoria-de-nucleo\/","title":{"rendered":"Diretoria de N\u00facleo Desporto (DIDES)"},"content":{"rendered":"\n<p class=\"has-text-align-left\">Defini\u00e7\u00e3o: <\/p>\n\n\n\n<p class=\"has-text-align-left\" style=\"margin-top:0;margin-right:0;margin-bottom:0;margin-left:0;font-size:15px\">A universidade do estado do Par\u00e1 (UEPA) apresenta atividades de ensino, pesquisa e extens\u00e3o. O Desporto universit\u00e1rio pode ser uma ferramenta para o acad\u00eamico melhorar a qualidade de vida ao praticar esportes, melhorar autoestima, concentra\u00e7\u00e3o e controlar ansiedade, estresse e ins\u00f4nia e n\u00e3o menos importante para promover visibilidade em competi\u00e7\u00f5es regionais, nacionais e at\u00e9 internacionais na alta performance. Al\u00e9m disso a diretoria do desporto fomenta o Esporte Universit\u00e1rio, tanto em modalidades individuais como coletivas, no \u00e2mbito da universidade como forma de contribuir com a forma\u00e7\u00e3o cidad\u00e3 dos discentes, contribuindo para a melhoria da sua trajet\u00f3ria e forma\u00e7\u00e3o acad\u00eamica.&nbsp;&nbsp;<\/p>\n\n\n\n<p>A Diretoria de Desportos (DIDES) vinculado \u00e0 Pr\u00f3-Reitoria de Extens\u00e3o (PROEX) da Universidade do Estado do Par\u00e1 (UEPA), A DIDES \u00e9 filiada \u00e0 Federa\u00e7\u00e3o de Esportes Universit\u00e1rios do Par\u00e1 (FEUP) e a Confedera\u00e7\u00e3o Brasileira de Desporto Universit\u00e1rio (CBDU), credenciando a participa\u00e7\u00e3o em competi\u00e7\u00f5es oficiais do cen\u00e1rio do desporto universit\u00e1rio estadual e nacional.&nbsp;<\/p>\n\n\n\n<p>Objetivos: tem por objetivo proporcionar a comunidade universit\u00e1ria a pr\u00e1tica de esportes e atividades de lazer; incentivar a produ\u00e7\u00e3o de pesquisa cient\u00edfica envolvendo os atletas das diferentes modalidades e os estudantes do curso de educa\u00e7\u00e3o f\u00edsica e outros interessados&nbsp;A\u00e7\u00f5es: Atualmente a DIDES promove treinos coletivos nas modalidades de basquete, futsal, futmesa, handebol e voleibol no naipe feminino e masculino, na UEPA Campus III, no Gin\u00e1sio de Educa\u00e7\u00e3o F\u00edsica. Em breve promover\u00e1 o hor\u00e1rio do treino de t\u00eanis de mesa e  o projeto de inicia\u00e7\u00e3o no karat\u00ea.&nbsp; <\/p>\n\n\n\n<p>Quanto \u00e0s competi\u00e7\u00f5es oficiais, a DIDES incentiva e d\u00e1 suporte aos atletas-universit\u00e1rios, de alto rendimento, nas modalidades individuais e coletivas em competi\u00e7\u00f5es da FEUP e CBDU, sendo elas os Jogos Universit\u00e1rios Paraenses (JUPs) e os Jogos Universit\u00e1rios Brasileiros (JUBs) de Futebol, de Praia, de eSports e o Nacional.&nbsp;<\/p>\n\n\n\n<p><\/p>\n\n\n\n<p>Diretora: Rejane Walessa Pequeno Rodrigues Abrahin<\/p>\n\n\n\n<p>Email: dides@uepa.br<\/p>\n","protected":false},"excerpt":{"rendered":"<p>Defini\u00e7\u00e3o: A universidade do estado do Par\u00e1 (UEPA) apresenta atividades de ensino, pesquisa e extens\u00e3o. O Desporto universit\u00e1rio pode ser uma ferramenta para o acad\u00eamico melhorar a qualidade de vida ao praticar esportes, melhorar autoestima, concentra\u00e7\u00e3o e controlar ansiedade, estresse e ins\u00f4nia e n\u00e3o menos importante para promover visibilidade em competi\u00e7\u00f5es regionais, nacionais e at\u00e9 &hellip;<\/p>\n<p class=\"read-more\"> <a class=\"\" href=\"https:\/\/proex.uepa.br\/index.php\/diretoria-de-nucleo\/\"> <span class=\"screen-reader-text\">Diretoria de N\u00facleo Desporto (DIDES)<\/span> Leia mais &raquo;<\/a><\/p>\n","protected":false},"author":1,"featured_media":0,"parent":0,"menu_order":0,"comment_status":"closed","ping_status":"closed","template":"","meta":{"_uag_custom_page_level_css":"","site-sidebar-layout":"default","site-content-layout":null,"ast-site-content-layout":"default","site-content-style":"default","site-sidebar-style":"default","ast-global-header-display":"","ast-banner-title-visibility":"","ast-main-header-display":"","ast-hfb-above-header-display":"","ast-hfb-below-header-display":"","ast-hfb-mobile-header-display":"","site-post-title":"","ast-breadcrumbs-content":"","ast-featured-img":"","footer-sml-layout":"","theme-transparent-header-meta":"","adv-header-id-meta":null,"stick-header-meta":null,"header-above-stick-meta":null,"header-main-stick-meta":null,"header-below-stick-meta":null,"astra-migrate-meta-layouts":"set","ast-page-background-enabled":"default","ast-page-background-meta":{"desktop":{"background-color":"var(--ast-global-color-4)","background-image":"","background-repeat":"repeat","background-position":"center center","background-size":"auto","background-attachment":"scroll","background-type":"","background-media":"","overlay-type":"","overlay-color":"","overlay-gradient":""},"tablet":{"background-color":"","background-image":"","background-repeat":"repeat","background-position":"center center","background-size":"auto","background-attachment":"scroll","background-type":"","background-media":"","overlay-type":"","overlay-color":"","overlay-gradient":""},"mobile":{"background-color":"","background-image":"","background-repeat":"repeat","background-position":"center center","background-size":"auto","background-attachment":"scroll","background-type":"","background-media":"","overlay-type":"","overlay-color":"","overlay-gradient":""}},"ast-content-background-meta":{"desktop":{"background-color":"var(--ast-global-color-5)","background-image":"","background-repeat":"repeat","background-position":"center center","background-size":"auto","background-attachment":"scroll","background-type":"","background-media":"","overlay-type":"","overlay-color":"","overlay-gradient":""},"tablet":{"background-color":"var(--ast-global-color-5)","background-image":"","background-repeat":"repeat","background-position":"center center","background-size":"auto","background-attachment":"scroll","background-type":"","background-media":"","overlay-type":"","overlay-color":"","overlay-gradient":""},"mobile":{"background-color":"var(--ast-global-color-5)","background-image":"","background-repeat":"repeat","background-position":"center center","background-size":"auto","background-attachment":"scroll","background-type":"","background-media":"","overlay-type":"","overlay-color":"","overlay-gradient":""}},"footnotes":""},"class_list":["post-773","page","type-page","status-publish","hentry"],"uagb_featured_image_src":{"full":false,"thumbnail":false,"medium":false,"medium_large":false,"large":false,"1536x1536":false,"2048x2048":false},"uagb_author_info":{"display_name":"adminsites@uepa.br","author_link":"https:\/\/proex.uepa.br\/index.php\/author\/adminsitesuepa-br\/"},"uagb_comment_info":0,"uagb_excerpt":"Defini\u00e7\u00e3o: A universidade do estado do Par\u00e1 (UEPA) apresenta atividades de ensino, pesquisa e extens\u00e3o. O Desporto universit\u00e1rio pode ser uma ferramenta para o acad\u00eamico melhorar a qualidade de vida ao praticar esportes, melhorar autoestima, concentra\u00e7\u00e3o e controlar ansiedade, estresse e ins\u00f4nia e n\u00e3o menos importante para promover visibilidade em competi\u00e7\u00f5es regionais, nacionais e at\u00e9&hellip;","_links":{"self":[{"href":"https:\/\/proex.uepa.br\/index.php\/wp-json\/wp\/v2\/pages\/773","targetHints":{"allow":["GET"]}}],"collection":[{"href":"https:\/\/proex.uepa.br\/index.php\/wp-json\/wp\/v2\/pages"}],"about":[{"href":"https:\/\/proex.uepa.br\/index.php\/wp-json\/wp\/v2\/types\/page"}],"author":[{"embeddable":true,"href":"https:\/\/proex.uepa.br\/index.php\/wp-json\/wp\/v2\/users\/1"}],"replies":[{"embeddable":true,"href":"https:\/\/proex.uepa.br\/index.php\/wp-json\/wp\/v2\/comments?post=773"}],"version-history":[{"count":7,"href":"https:\/\/proex.uepa.br\/index.php\/wp-json\/wp\/v2\/pages\/773\/revisions"}],"predecessor-version":[{"id":931,"href":"https:\/\/proex.uepa.br\/index.php\/wp-json\/wp\/v2\/pages\/773\/revisions\/931"}],"wp:attachment":[{"href":"https:\/\/proex.uepa.br\/index.php\/wp-json\/wp\/v2\/media?parent=773"}],"curies":[{"name":"wp","href":"https:\/\/api.w.org\/{rel}","templated":true}]}}