{"id":587,"date":"2024-04-01T15:14:36","date_gmt":"2024-04-01T15:14:36","guid":{"rendered":"https:\/\/proex.uepa.br\/?page_id=587"},"modified":"2025-10-02T12:20:36","modified_gmt":"2025-10-02T12:20:36","slug":"formularios-e-resolucoes","status":"publish","type":"page","link":"https:\/\/proex.uepa.br\/index.php\/formularios-e-resolucoes\/","title":{"rendered":"Formul\u00e1rios e Resolu\u00e7\u00f5es"},"content":{"rendered":"\n<div class=\"wp-block-uagb-container uagb-block-2ead5f56 default uagb-is-root-container\">\n<p><strong>MANUAL B\u00c1SICO DA EXTENS\u00c3O UNIVERSIT\u00c1RIA<\/strong><\/p>\n\n\n\n<div data-wp-interactive=\"core\/file\" class=\"wp-block-file\"><object data-wp-bind--hidden=\"!state.hasPdfPreview\" hidden class=\"wp-block-file__embed\" data=\"https:\/\/proex.uepa.br\/wp-content\/uploads\/2024\/09\/Manual-PROEX-A4.pdf\" type=\"application\/pdf\" style=\"width:100%;height:600px\" aria-label=\"Incorporado de Manual-PROEX-A4.\"><\/object><a id=\"wp-block-file--media-62fc1478-072a-4491-9209-38ba561f2f11\" href=\"https:\/\/proex.uepa.br\/wp-content\/uploads\/2024\/09\/Manual-PROEX-A4.pdf\">Manual-PROEX-A4<\/a><a href=\"https:\/\/proex.uepa.br\/wp-content\/uploads\/2024\/09\/Manual-PROEX-A4.pdf\" class=\"wp-block-file__button wp-element-button\" download aria-describedby=\"wp-block-file--media-62fc1478-072a-4491-9209-38ba561f2f11\">Baixar<\/a><\/div>\n\n\n\n<div class=\"wp-block-uagb-advanced-heading uagb-block-0b016123\"><h2 class=\"uagb-heading-text\">                    <\/h2><\/div>\n<\/div>\n\n\n\n<div class=\"wp-block-uagb-advanced-heading uagb-block-90558f84\"><h2 class=\"uagb-heading-text\">Resolu\u00e7\u00e3o Proex <\/h2><\/div>\n\n\n\n<div data-wp-interactive=\"core\/file\" class=\"wp-block-file\"><object data-wp-bind--hidden=\"!state.hasPdfPreview\" hidden class=\"wp-block-file__embed\" data=\"https:\/\/proex.uepa.br\/wp-content\/uploads\/2024\/04\/Resolucao-Proex-3228-17-4.pdf\" type=\"application\/pdf\" style=\"width:100%;height:600px\" aria-label=\"Incorporado de Resolucao-Proex-3228-17-4.\"><\/object><a id=\"wp-block-file--media-b2fe74d5-9207-482b-9c67-9a8b59973eb3\" href=\"https:\/\/proex.uepa.br\/wp-content\/uploads\/2024\/04\/Resolucao-Proex-3228-17-4.pdf\">Resolucao-Proex-3228-17-4<\/a><a href=\"https:\/\/proex.uepa.br\/wp-content\/uploads\/2024\/04\/Resolucao-Proex-3228-17-4.pdf\" class=\"wp-block-file__button wp-element-button\" download aria-describedby=\"wp-block-file--media-b2fe74d5-9207-482b-9c67-9a8b59973eb3\">Baixar<\/a><\/div>\n\n\n\n<div class=\"wp-block-uagb-advanced-heading uagb-block-cfa4384d\"><h2 class=\"uagb-heading-text\">Resolu\u00e7\u00e3o Ligas Acad\u00eamicas<\/h2><\/div>\n\n\n\n<div data-wp-interactive=\"core\/file\" class=\"wp-block-file\"><object data-wp-bind--hidden=\"!state.hasPdfPreview\" hidden class=\"wp-block-file__embed\" data=\"https:\/\/proex.uepa.br\/wp-content\/uploads\/2025\/10\/NOVA-RESOLUCAO-DE-LIGAS-ACADEMICAS.pdf\" type=\"application\/pdf\" style=\"width:100%;height:600px\" aria-label=\"Incorporado de NOVA-RESOLUCAO-DE-LIGAS-ACADEMICAS.\"><\/object><a id=\"wp-block-file--media-7f7d0ae4-3a7b-4fda-a7f9-f83e7d45c6cb\" href=\"https:\/\/proex.uepa.br\/wp-content\/uploads\/2025\/10\/NOVA-RESOLUCAO-DE-LIGAS-ACADEMICAS.pdf\">NOVA-RESOLUCAO-DE-LIGAS-ACADEMICAS<\/a><a href=\"https:\/\/proex.uepa.br\/wp-content\/uploads\/2025\/10\/NOVA-RESOLUCAO-DE-LIGAS-ACADEMICAS.pdf\" class=\"wp-block-file__button wp-element-button\" download aria-describedby=\"wp-block-file--media-7f7d0ae4-3a7b-4fda-a7f9-f83e7d45c6cb\">Baixar<\/a><\/div>\n\n\n\n<h2 class=\"wp-block-heading\">Resolu\u00e7\u00e3o <strong>Empresas J\u00fanior<\/strong><\/h2>\n\n\n\n<div data-wp-interactive=\"core\/file\" class=\"wp-block-file\"><object data-wp-bind--hidden=\"!state.hasPdfPreview\" hidden class=\"wp-block-file__embed\" data=\"https:\/\/proex.uepa.br\/wp-content\/uploads\/2024\/10\/Resolucao-2737_Empresas-Jr-1.pdf\" type=\"application\/pdf\" style=\"width:100%;height:600px\" aria-label=\"Incorporado de Resolucao-2737_Empresas-Jr-1.\"><\/object><a id=\"wp-block-file--media-0b2aaf58-41d3-4e2a-8771-5301f40537b4\" href=\"https:\/\/proex.uepa.br\/wp-content\/uploads\/2024\/10\/Resolucao-2737_Empresas-Jr-1.pdf\">Resolucao-2737_Empresas-Jr-1<\/a><a href=\"https:\/\/proex.uepa.br\/wp-content\/uploads\/2024\/10\/Resolucao-2737_Empresas-Jr-1.pdf\" class=\"wp-block-file__button wp-element-button\" download aria-describedby=\"wp-block-file--media-0b2aaf58-41d3-4e2a-8771-5301f40537b4\">Baixar<\/a><\/div>\n\n\n\n<div class=\"wp-block-uagb-advanced-heading uagb-block-9e587fb5\"><h2 class=\"uagb-heading-text\">Formul\u00e1rios para Institucionaliza\u00e7\u00e3o e Declara\u00e7\u00e3o de Espa\u00e7o F\u00edsico<\/h2><\/div>\n\n\n\n<div class=\"wp-block-file has-link-color wp-elements-a22690832c2394a0c9a23499d3ac9c66\"><a id=\"wp-block-file--media-6b23a573-01f4-4325-9272-8a64941cf1a6\" href=\"https:\/\/proex.uepa.br\/wp-content\/uploads\/2025\/10\/Formulario-para-institucionalizacao-Acao-de-Extensao.docx\">Formul\u00e1rio para institucionalizac\u00e3o A\u00e7\u00e3o de Extens\u00e3o<\/a><a href=\"https:\/\/proex.uepa.br\/wp-content\/uploads\/2025\/10\/Formulario-para-institucionalizacao-Acao-de-Extensao.docx\" class=\"wp-block-file__button wp-element-button\" download aria-describedby=\"wp-block-file--media-6b23a573-01f4-4325-9272-8a64941cf1a6\">Baixar<\/a><\/div>\n\n\n\n<div class=\"wp-block-file has-link-color wp-elements-7b059da5d9036681be4369434bad44d7\"><a id=\"wp-block-file--media-d394ac7e-35c1-4528-a1cf-68090101d6ec\" href=\"https:\/\/proex.uepa.br\/wp-content\/uploads\/2025\/10\/Formulario-para-institucionalizacao-de-Ligas-Academicas-3-1.docx\">Formul\u00e1rio para institucionalizac\u00e3o de Ligas Academicas<\/a><a href=\"https:\/\/proex.uepa.br\/wp-content\/uploads\/2025\/10\/Formulario-para-institucionalizacao-de-Ligas-Academicas-3-1.docx\" class=\"wp-block-file__button wp-element-button\" download aria-describedby=\"wp-block-file--media-d394ac7e-35c1-4528-a1cf-68090101d6ec\"><br>Baixar<\/a><\/div>\n\n\n\n<div class=\"wp-block-file has-link-color wp-elements-61c1c4b48e4fa8fd3951cf727fff24e7\"><a id=\"wp-block-file--media-15e76cec-70f0-4661-a588-59fa5ed47578\" href=\"https:\/\/proex.uepa.br\/wp-content\/uploads\/2025\/10\/DECLARACAO-ESPACO-FISICO.docx\">Declara\u00e7\u00e3o de Espa\u00e7o F\u00edsico<\/a><a href=\"https:\/\/proex.uepa.br\/wp-content\/uploads\/2025\/10\/DECLARACAO-ESPACO-FISICO.docx\" class=\"wp-block-file__button wp-element-button\" download aria-describedby=\"wp-block-file--media-15e76cec-70f0-4661-a588-59fa5ed47578\">Baixar<\/a><\/div>\n\n\n\n<div class=\"wp-block-uagb-advanced-heading uagb-block-f7b61c4d\"><h2 class=\"uagb-heading-text\">Formul\u00e1rio para A\u00e7\u00f5es Pontuais<\/h2><\/div>\n\n\n\n<div class=\"wp-block-file has-link-color wp-elements-c7a00bdac28e5f27959da913e1a8b468\"><a id=\"wp-block-file--media-cece7aa5-8d0a-4fab-9769-d342a03e209f\" href=\"https:\/\/proex.uepa.br\/wp-content\/uploads\/2025\/10\/NOVO-FORMULARIO-DE-ACAO-PONTUAL.docx\">Formul\u00e1rio de A\u00e7\u00e3o Pontual<\/a><a href=\"https:\/\/proex.uepa.br\/wp-content\/uploads\/2025\/10\/NOVO-FORMULARIO-DE-ACAO-PONTUAL.docx\" class=\"wp-block-file__button wp-element-button\" download aria-describedby=\"wp-block-file--media-cece7aa5-8d0a-4fab-9769-d342a03e209f\">Baixar<\/a><\/div>\n\n\n\n<div class=\"wp-block-uagb-advanced-heading uagb-block-2571da31\"><h2 class=\"uagb-heading-text\">Sobre os Certificados<\/h2><\/div>\n\n\n\n<p>A emiss\u00e3o de Certificados \u00e9 feita por ordem de chegada a contar da data de envio do Relat\u00f3rio de Atividades para o e-mail: proexcertificados@uepa.br<\/p>\n\n\n\n<p><strong>OBS: Apenas o <em>Coordenador<\/em> da A\u00e7\u00e3o de Extens\u00e3o poder\u00e1 solicitar a emiss\u00e3o de Certificados .<\/strong><\/p>\n\n\n\n<div class=\"wp-block-file has-link-color wp-elements-e76c312026950634786d93bcd132618c\"><a id=\"wp-block-file--media-e8e6497a-26a7-4f04-9c33-23aec2ce58fe\" href=\"https:\/\/proex.uepa.br\/wp-content\/uploads\/2025\/10\/Relatorio-de-Atividades-Atualizado-2025-8-1.docx\">Relat\u00f3rio de Atividades <\/a><a href=\"https:\/\/proex.uepa.br\/wp-content\/uploads\/2025\/10\/Relatorio-de-Atividades-Atualizado-2025-8-1.docx\" class=\"wp-block-file__button wp-element-button\" download aria-describedby=\"wp-block-file--media-e8e6497a-26a7-4f04-9c33-23aec2ce58fe\">Baixar<\/a><\/div>\n","protected":false},"excerpt":{"rendered":"<p>MANUAL B\u00c1SICO DA EXTENS\u00c3O UNIVERSIT\u00c1RIA Resolu\u00e7\u00e3o Proex Resolu\u00e7\u00e3o Ligas Acad\u00eamicas Resolu\u00e7\u00e3o Empresas J\u00fanior Formul\u00e1rios para Institucionaliza\u00e7\u00e3o e Declara\u00e7\u00e3o de Espa\u00e7o F\u00edsico Formul\u00e1rio para A\u00e7\u00f5es Pontuais Sobre os Certificados A emiss\u00e3o de Certificados \u00e9 feita por ordem de chegada a contar da data de envio do Relat\u00f3rio de Atividades para o e-mail: proexcertificados@uepa.br OBS: Apenas o &hellip;<\/p>\n<p class=\"read-more\"> <a class=\"\" href=\"https:\/\/proex.uepa.br\/index.php\/formularios-e-resolucoes\/\"> <span class=\"screen-reader-text\">Formul\u00e1rios e Resolu\u00e7\u00f5es<\/span> Leia mais &raquo;<\/a><\/p>\n","protected":false},"author":1,"featured_media":0,"parent":0,"menu_order":0,"comment_status":"closed","ping_status":"closed","template":"","meta":{"_uag_custom_page_level_css":"","site-sidebar-layout":"default","site-content-layout":"","ast-site-content-layout":"default","site-content-style":"default","site-sidebar-style":"default","ast-global-header-display":"","ast-banner-title-visibility":"","ast-main-header-display":"","ast-hfb-above-header-display":"","ast-hfb-below-header-display":"","ast-hfb-mobile-header-display":"","site-post-title":"","ast-breadcrumbs-content":"","ast-featured-img":"","footer-sml-layout":"","theme-transparent-header-meta":"","adv-header-id-meta":"","stick-header-meta":"","header-above-stick-meta":"","header-main-stick-meta":"","header-below-stick-meta":"","astra-migrate-meta-layouts":"set","ast-page-background-enabled":"default","ast-page-background-meta":{"desktop":{"background-color":"var(--ast-global-color-4)","background-image":"","background-repeat":"repeat","background-position":"center center","background-size":"auto","background-attachment":"scroll","background-type":"","background-media":"","overlay-type":"","overlay-color":"","overlay-gradient":""},"tablet":{"background-color":"","background-image":"","background-repeat":"repeat","background-position":"center center","background-size":"auto","background-attachment":"scroll","background-type":"","background-media":"","overlay-type":"","overlay-color":"","overlay-gradient":""},"mobile":{"background-color":"","background-image":"","background-repeat":"repeat","background-position":"center center","background-size":"auto","background-attachment":"scroll","background-type":"","background-media":"","overlay-type":"","overlay-color":"","overlay-gradient":""}},"ast-content-background-meta":{"desktop":{"background-color":"var(--ast-global-color-5)","background-image":"","background-repeat":"repeat","background-position":"center center","background-size":"auto","background-attachment":"scroll","background-type":"","background-media":"","overlay-type":"","overlay-color":"","overlay-gradient":""},"tablet":{"background-color":"var(--ast-global-color-5)","background-image":"","background-repeat":"repeat","background-position":"center center","background-size":"auto","background-attachment":"scroll","background-type":"","background-media":"","overlay-type":"","overlay-color":"","overlay-gradient":""},"mobile":{"background-color":"var(--ast-global-color-5)","background-image":"","background-repeat":"repeat","background-position":"center center","background-size":"auto","background-attachment":"scroll","background-type":"","background-media":"","overlay-type":"","overlay-color":"","overlay-gradient":""}},"footnotes":""},"class_list":["post-587","page","type-page","status-publish","hentry"],"uagb_featured_image_src":{"full":false,"thumbnail":false,"medium":false,"medium_large":false,"large":false,"1536x1536":false,"2048x2048":false},"uagb_author_info":{"display_name":"adminsites@uepa.br","author_link":"https:\/\/proex.uepa.br\/index.php\/author\/adminsitesuepa-br\/"},"uagb_comment_info":0,"uagb_excerpt":"MANUAL B\u00c1SICO DA EXTENS\u00c3O UNIVERSIT\u00c1RIA Resolu\u00e7\u00e3o Proex Resolu\u00e7\u00e3o Ligas Acad\u00eamicas Resolu\u00e7\u00e3o Empresas J\u00fanior Formul\u00e1rios para Institucionaliza\u00e7\u00e3o e Declara\u00e7\u00e3o de Espa\u00e7o F\u00edsico Formul\u00e1rio para A\u00e7\u00f5es Pontuais Sobre os Certificados A emiss\u00e3o de Certificados \u00e9 feita por ordem de chegada a contar da data de envio do Relat\u00f3rio de Atividades para o e-mail: proexcertificados@uepa.br OBS: Apenas o&hellip;","_links":{"self":[{"href":"https:\/\/proex.uepa.br\/index.php\/wp-json\/wp\/v2\/pages\/587","targetHints":{"allow":["GET"]}}],"collection":[{"href":"https:\/\/proex.uepa.br\/index.php\/wp-json\/wp\/v2\/pages"}],"about":[{"href":"https:\/\/proex.uepa.br\/index.php\/wp-json\/wp\/v2\/types\/page"}],"author":[{"embeddable":true,"href":"https:\/\/proex.uepa.br\/index.php\/wp-json\/wp\/v2\/users\/1"}],"replies":[{"embeddable":true,"href":"https:\/\/proex.uepa.br\/index.php\/wp-json\/wp\/v2\/comments?post=587"}],"version-history":[{"count":29,"href":"https:\/\/proex.uepa.br\/index.php\/wp-json\/wp\/v2\/pages\/587\/revisions"}],"predecessor-version":[{"id":1133,"href":"https:\/\/proex.uepa.br\/index.php\/wp-json\/wp\/v2\/pages\/587\/revisions\/1133"}],"wp:attachment":[{"href":"https:\/\/proex.uepa.br\/index.php\/wp-json\/wp\/v2\/media?parent=587"}],"curies":[{"name":"wp","href":"https:\/\/api.w.org\/{rel}","templated":true}]}}