{"id":133,"date":"2022-11-03T11:40:31","date_gmt":"2022-11-03T11:40:31","guid":{"rendered":"https:\/\/proex.uepa.br\/?page_id=133"},"modified":"2025-09-24T14:25:13","modified_gmt":"2025-09-24T14:25:13","slug":"home","status":"publish","type":"page","link":"https:\/\/proex.uepa.br\/","title":{"rendered":"Home"},"content":{"rendered":"\n<style>\r\n.ast-above-header-wrap  {\r\nbackground: none;\r\n}\r\n<\/style>\n\n\n\n<div class=\"wp-block-uagb-container uagb-block-48b5beed alignfull uagb-is-root-container\"><div class=\"uagb-container__shape uagb-container__shape-bottom uagb-container__invert\" data-negative=\"false\"><svg xmlns=\"https:\/\/www.w3.org\/2000\/svg\" viewBox=\"0 0 1000 100\" preserveAspectRatio=\"none\"><path class=\"uagb-container__shape-fill\" d=\"M0,0c0,0,0,6,0,6.7c0,18,240.2,93.6,615.2,92.6C989.8,98.5,1000,25,1000,6.7c0-0.7,0-6.7,0-6.7H0z\"><\/path><\/svg><\/div><div class=\"uagb-container-inner-blocks-wrap\">\n<div class=\"wp-block-uagb-container uagb-block-7d873da0\">\n<div class=\"inherit-container-width wp-block-group is-layout-constrained wp-block-group-is-layout-constrained\">\n<div class=\"wp-block-uagb-advanced-heading uagb-block-e41d20aa\"><h2 class=\"uagb-heading-text\"><strong>Pr\u00f3-Reitoria de Extens\u00e3o Universit\u00e1ria<\/strong><\/h2><\/div>\n\n\n\n<div class=\"wp-block-uagb-advanced-heading uagb-block-bd6bf1bd justify\"><p class=\"uagb-heading-text\">A Pr\u00f3-Reitoria de Extens\u00e3o da Universidade do Estado do Par\u00e1 \u2013 PROEX demonstra sua estrutura\u00e7\u00e3o, compet\u00eancias e defini\u00e7\u00e3o de fun\u00e7\u00f5es no Regimento Geral\/UEPA (1994) em seu T\u00edtulo IV, Cap\u00edtulo III e art. 54, onde afirma o conceito de que: \u201cA Extens\u00e3o tem por fim promover a articula\u00e7\u00e3o entre o ensino e a pesquisa, a universidade e a sociedade\u201d<\/p><\/div>\n\n\n\n<div class=\"wp-block-uagb-buttons uagb-buttons__outer-wrap uagb-btn__default-btn uagb-btn-tablet__default-btn uagb-btn-mobile__default-btn uagb-block-e458a6c3\"><div class=\"uagb-buttons__wrap uagb-buttons-layout-wrap\">\n<div class=\"wp-block-uagb-buttons-child uagb-buttons__outer-wrap uagb-block-93034a8e wp-block-button\"><div class=\"uagb-button__wrapper\"><a class=\"uagb-buttons-repeater wp-block-button__link\" href=\"https:\/\/proex.uepa.br\/index.php\/quem-somos\/\" onclick=\"return true;\" rel=\"follow noopener\" target=\"_self\"><div class=\"uagb-button__link\">Saiba mais<\/div><\/a><\/div><\/div>\n<\/div><\/div>\n<\/div>\n\n\n\n<div class=\"inherit-container-width wp-block-group is-content-justification-left is-layout-constrained wp-container-core-group-is-layout-cc739763 wp-block-group-is-layout-constrained\">\n<div class=\"wp-block-uagb-image alignleft uagb-block-c9bde2ca wp-block-uagb-image--layout-default wp-block-uagb-image--effect-static wp-block-uagb-image--align-left\"><figure class=\"wp-block-uagb-image__figure\"><img decoding=\"async\" srcset=\"https:\/\/dspd.uepa.br\/wp-content\/uploads\/2022\/12\/logo-uepa-branca_Prancheta-1-1024x724.png ,https:\/\/dspd.uepa.br\/wp-content\/uploads\/2022\/12\/logo-uepa-branca_Prancheta-1-1024x724.png 780w, https:\/\/dspd.uepa.br\/wp-content\/uploads\/2022\/12\/logo-uepa-branca_Prancheta-1-1024x724.png 360w\" sizes=\"auto, (max-width: 480px) 150px\" src=\"https:\/\/dspd.uepa.br\/wp-content\/uploads\/2022\/12\/logo-uepa-branca_Prancheta-1-1024x724.png\" alt=\"\" width=\"196\" height=\"119\" title=\"\" loading=\"lazy\"\/><\/figure><\/div>\n<\/div>\n<\/div>\n\n\n\n<div class=\"wp-block-uagb-container uagb-block-f68d267d\"><\/div>\n<\/div><\/div>\n\n\n\n<div id=\"itens\" class=\"wp-block-uagb-container uagb-block-b960c95f alignfull uagb-is-root-container\"><div class=\"uagb-container-inner-blocks-wrap\">\n<div class=\"inherit-container-width wp-block-group is-layout-constrained wp-block-group-is-layout-constrained\">\n<div class=\"wp-block-columns is-not-stacked-on-mobile is-layout-flex wp-container-core-columns-is-layout-28f84493 wp-block-columns-is-layout-flex\">\n<div class=\"wp-block-column is-layout-flow wp-block-column-is-layout-flow\" style=\"flex-basis:66.66%\">\n<div class=\"wp-block-uagb-advanced-heading uagb-block-f00eb8a6\"><h2 class=\"uagb-heading-text\">Editais<\/h2><\/div>\n\n\n\n<div class=\"wp-block-group is-layout-constrained wp-block-group-is-layout-constrained\">\n<div class=\"wp-block-columns is-layout-flex wp-container-core-columns-is-layout-28f84493 wp-block-columns-is-layout-flex\">\n<div class=\"wp-block-column is-layout-flow wp-block-column-is-layout-flow\" style=\"flex-basis:100%\">\n\t\t\t<div class=\"wp-block-uagb-post-carousel uagb-post-grid  uagb-post__image-position-top uagb-post__image-enabled uagb-block-4459a6d9     uagb-post__arrow-outside uagb-slick-carousel uagb-post__items uagb-post__columns-3 is-carousel uagb-post__columns-tablet-2 uagb-post__columns-mobile-1\" data-total=\"11\" style=\"\">\n\n\t\t\t\t\t\t\t\t\t\t\t\t<article class=\"uagb-post__inner-wrap\">\t\t\t\t\t\t\t\t<h4 class=\"uagb-post__title uagb-post__text\">\n\t\t\t\t<a href=\"https:\/\/proex.uepa.br\/index.php\/edital-no-01-2026-proex-uepa\/\" target=\"_self\" rel=\"bookmark noopener noreferrer\">EDITAL N\u00ba \u00a001\/2026-PROEX-UEPA<\/a>\n\t\t\t<\/h4>\n\t\t\t\t\t\t<div class='uagb-post__text uagb-post-grid-byline'>\n\t\t\t\t\t\t\t\t<time datetime=\"2026-04-06T12:28:13+00:00\" class=\"uagb-post__date\">\n\t\t\t\t<span class=\"dashicons-calendar dashicons\"><\/span>\t\t\t\t\tabril 6, 2026\t\t\t\t<\/time>\n\t\t\t\t\t\t\t<span class=\"uagb-post__comment\">\n\t\t\t\t<span class=\"dashicons-admin-comments dashicons\"><\/span>\t\t\t\t\tNenhum coment\u00e1rio\t\t\t\t<\/span>\n\t\t\t\t\t\t<\/div>\n\t\t\t\t\t\t\t<div class='uagb-post__text uagb-post__excerpt'>\n\t\t\t\t\t<p>PROCESSO SELETIVO SIMPLIFICADO PARA SELE\u00c7\u00c3O DE CANDIDATOS \u00c0 BOLSA, EM ATENDIMENTO AO APOIO \u00c0S ATIVIDADES&#8230;\t\t\t\t<\/div>\n\t\t\t\t\t\t<div class=\"uagb-post__text uagb-post__cta wp-block-button\">\n\t\t\t\t<a class=\"wp-block-button__link uagb-text-link\" href=\"https:\/\/proex.uepa.br\/index.php\/edital-no-01-2026-proex-uepa\/\" target=\"_self\" rel=\"bookmark noopener noreferrer\">Ler mais<\/a>\n\t\t\t<\/div>\n\t\t\t\t\t\t\t\t\t\t\t\t<\/article>\n\t\t\t\t\t\t\t\t\t\t\t\t\t\t\t\t<article class=\"uagb-post__inner-wrap\">\t\t\t\t\t\t\t\t<h4 class=\"uagb-post__title uagb-post__text\">\n\t\t\t\t<a href=\"https:\/\/proex.uepa.br\/index.php\/edital-no-05-2025-uepa\/\" target=\"_self\" rel=\"bookmark noopener noreferrer\">EDITAL N\u00ba 05\/2025 &#8211; UEPA<\/a>\n\t\t\t<\/h4>\n\t\t\t\t\t\t<div class='uagb-post__text uagb-post-grid-byline'>\n\t\t\t\t\t\t\t\t<time datetime=\"2025-07-24T12:20:54+00:00\" class=\"uagb-post__date\">\n\t\t\t\t<span class=\"dashicons-calendar dashicons\"><\/span>\t\t\t\t\tjulho 24, 2025\t\t\t\t<\/time>\n\t\t\t\t\t\t\t<span class=\"uagb-post__comment\">\n\t\t\t\t<span class=\"dashicons-admin-comments dashicons\"><\/span>\t\t\t\t\tNenhum coment\u00e1rio\t\t\t\t<\/span>\n\t\t\t\t\t\t<\/div>\n\t\t\t\t\t\t\t<div class='uagb-post__text uagb-post__excerpt'>\n\t\t\t\t\t<p>PROCESSO SELETIVO SIMPLIFICADO PARA COORDENA\u00c7\u00c3O DA R\u00c1DIO WEB\/UEPA edital-2025-Radio-WEBUEPA-2Baixar RESULTADO-PRELIMINAR-Baixar RESULTADO-DA-HOMOLOGACAO-1Baixar RESULTADO-ENTREVISTABaixar RESULTADO-ENTREVISTABaixar Resultado-FinalBaixar<\/p>\n\t\t\t\t<\/div>\n\t\t\t\t\t\t<div class=\"uagb-post__text uagb-post__cta wp-block-button\">\n\t\t\t\t<a class=\"wp-block-button__link uagb-text-link\" href=\"https:\/\/proex.uepa.br\/index.php\/edital-no-05-2025-uepa\/\" target=\"_self\" rel=\"bookmark noopener noreferrer\">Ler mais<\/a>\n\t\t\t<\/div>\n\t\t\t\t\t\t\t\t\t\t\t\t<\/article>\n\t\t\t\t\t\t\t\t\t\t\t\t\t\t\t\t<article class=\"uagb-post__inner-wrap\">\t\t\t\t\t\t\t\t<h4 class=\"uagb-post__title uagb-post__text\">\n\t\t\t\t<a href=\"https:\/\/proex.uepa.br\/index.php\/processo-seletivo-simplificado-de-candidatos-para-bolsa-ematendimento-ao-projeto-de-apoio-as-atividades-desportivas-dauepa-diretoria-de-desporto-dides-proex-uepa\/\" target=\"_self\" rel=\"bookmark noopener noreferrer\">EDITAL N\u00ba03\/2025 &#8211; PROCESSO SELETIVO SIMPLIFICADO DE CANDIDATOS PARA BOLSA EMATENDIMENTO AO PROJETO DE APOIO \u00c0S ATIVIDADES DESPORTIVAS DA UEPA &#8211; DIRETORIA DE DESPORTO &#8211; DIDES\/PROEX\/UEPA<\/a>\n\t\t\t<\/h4>\n\t\t\t\t\t\t<div class='uagb-post__text uagb-post-grid-byline'>\n\t\t\t\t\t\t\t\t<time datetime=\"2025-04-30T12:32:27+00:00\" class=\"uagb-post__date\">\n\t\t\t\t<span class=\"dashicons-calendar dashicons\"><\/span>\t\t\t\t\tabril 30, 2025\t\t\t\t<\/time>\n\t\t\t\t\t\t\t<span class=\"uagb-post__comment\">\n\t\t\t\t<span class=\"dashicons-admin-comments dashicons\"><\/span>\t\t\t\t\tNenhum coment\u00e1rio\t\t\t\t<\/span>\n\t\t\t\t\t\t<\/div>\n\t\t\t\t\t\t\t<div class='uagb-post__text uagb-post__excerpt'>\n\t\t\t\t\t<p>EDITAL-DESPORTO-PSS-2025-NOVAS-MODALIDADES-2Baixar RESULTADO-PRELIMINAR-DA-HOMOLOGACAOBaixar RESULTADO-DA-HOMOLOGACAO-E-ENTREVISTABaixar<\/p>\n\t\t\t\t<\/div>\n\t\t\t\t\t\t<div class=\"uagb-post__text uagb-post__cta wp-block-button\">\n\t\t\t\t<a class=\"wp-block-button__link uagb-text-link\" href=\"https:\/\/proex.uepa.br\/index.php\/processo-seletivo-simplificado-de-candidatos-para-bolsa-ematendimento-ao-projeto-de-apoio-as-atividades-desportivas-dauepa-diretoria-de-desporto-dides-proex-uepa\/\" target=\"_self\" rel=\"bookmark noopener noreferrer\">Ler mais<\/a>\n\t\t\t<\/div>\n\t\t\t\t\t\t\t\t\t\t\t\t<\/article>\n\t\t\t\t\t\t\t\t\t\t\t\t\t\t\t\t<article class=\"uagb-post__inner-wrap\">\t\t\t\t\t\t\t\t<h4 class=\"uagb-post__title uagb-post__text\">\n\t\t\t\t<a href=\"https:\/\/proex.uepa.br\/index.php\/edital-no-02-2025-proex-uepaprocesso-seletivo-simplificado-de-candidatos-para-bolsa-ematendimento-ao-projeto-de-apoio-as-atividades-desportivas-dauepa-nucleo-de-desporto-proex-uepa\/\" target=\"_self\" rel=\"bookmark noopener noreferrer\">EDITAL N\u00ba 02\/2025-PROEX-UEPAPROCESSO SELETIVO SIMPLIFICADO DE CANDIDATOS PARA BOLSA EMATENDIMENTO AO PROJETO DE APOIO \u00c0S ATIVIDADES DESPORTIVAS DAUEPA N\u00daCLEO DE DESPORTO\/PROEX\/UEPA<\/a>\n\t\t\t<\/h4>\n\t\t\t\t\t\t<div class='uagb-post__text uagb-post-grid-byline'>\n\t\t\t\t\t\t\t\t<time datetime=\"2025-04-01T17:52:25+00:00\" class=\"uagb-post__date\">\n\t\t\t\t<span class=\"dashicons-calendar dashicons\"><\/span>\t\t\t\t\tabril 1, 2025\t\t\t\t<\/time>\n\t\t\t\t\t\t\t<span class=\"uagb-post__comment\">\n\t\t\t\t<span class=\"dashicons-admin-comments dashicons\"><\/span>\t\t\t\t\tNenhum coment\u00e1rio\t\t\t\t<\/span>\n\t\t\t\t\t\t<\/div>\n\t\t\t\t\t\t\t<div class='uagb-post__text uagb-post__excerpt'>\n\t\t\t\t\t<p>EDITAL N\u00ba 02\/2025-PROEX-UEPAPROCESSO SELETIVO SIMPLIFICADO DE CANDIDATOS PARA BOLSA EM ATENDIMENTO AO PROJETO DE APOIO&#8230;\t\t\t\t<\/div>\n\t\t\t\t\t\t<div class=\"uagb-post__text uagb-post__cta wp-block-button\">\n\t\t\t\t<a class=\"wp-block-button__link uagb-text-link\" href=\"https:\/\/proex.uepa.br\/index.php\/edital-no-02-2025-proex-uepaprocesso-seletivo-simplificado-de-candidatos-para-bolsa-ematendimento-ao-projeto-de-apoio-as-atividades-desportivas-dauepa-nucleo-de-desporto-proex-uepa\/\" target=\"_self\" rel=\"bookmark noopener noreferrer\">Ler mais<\/a>\n\t\t\t<\/div>\n\t\t\t\t\t\t\t\t\t\t\t\t<\/article>\n\t\t\t\t\t\t\t\t\t\t\t\t\t\t\t\t<article class=\"uagb-post__inner-wrap\">\t\t\t\t\t\t\t\t<h4 class=\"uagb-post__title uagb-post__text\">\n\t\t\t\t<a href=\"https:\/\/proex.uepa.br\/index.php\/990\/\" target=\"_self\" rel=\"bookmark noopener noreferrer\">EDITAL N\u00ba 01\/2025 &#8211; UEPAPROCESSO SELETIVO SIMPLIFICADO PARA PIANISTA DO PROJETO MADRIGAL DA PROEX\/UEPA<\/a>\n\t\t\t<\/h4>\n\t\t\t\t\t\t<div class='uagb-post__text uagb-post-grid-byline'>\n\t\t\t\t\t\t\t\t<time datetime=\"2025-03-27T14:42:18+00:00\" class=\"uagb-post__date\">\n\t\t\t\t<span class=\"dashicons-calendar dashicons\"><\/span>\t\t\t\t\tmar\u00e7o 27, 2025\t\t\t\t<\/time>\n\t\t\t\t\t\t\t<span class=\"uagb-post__comment\">\n\t\t\t\t<span class=\"dashicons-admin-comments dashicons\"><\/span>\t\t\t\t\tNenhum coment\u00e1rio\t\t\t\t<\/span>\n\t\t\t\t\t\t<\/div>\n\t\t\t\t\t\t\t<div class='uagb-post__text uagb-post__excerpt'>\n\t\t\t\t\t<p>PIANISTABaixar Resultado-PreliminarBaixar ERRATA-PIANISTA-MADRIGAL-1-1Baixar HOMOLOGACAO-PIANISTABaixar RESULTADO-PRELIMINAR-PROVA-PRATICABaixar RESULTADO-FINAL-QUARTETOBaixar<\/p>\n\t\t\t\t<\/div>\n\t\t\t\t\t\t<div class=\"uagb-post__text uagb-post__cta wp-block-button\">\n\t\t\t\t<a class=\"wp-block-button__link uagb-text-link\" href=\"https:\/\/proex.uepa.br\/index.php\/990\/\" target=\"_self\" rel=\"bookmark noopener noreferrer\">Ler mais<\/a>\n\t\t\t<\/div>\n\t\t\t\t\t\t\t\t\t\t\t\t<\/article>\n\t\t\t\t\t\t\t\t\t\t\t\t\t\t\t\t<article class=\"uagb-post__inner-wrap\">\t\t\t\t\t\t\t\t<h4 class=\"uagb-post__title uagb-post__text\">\n\t\t\t\t<a href=\"https:\/\/proex.uepa.br\/index.php\/cursos-de-extensao-para-todas-as-comunidades\/\" target=\"_self\" rel=\"bookmark noopener noreferrer\">CURSOS DE EXTENS\u00c3O PARA TODAS AS COMUNIDADES<\/a>\n\t\t\t<\/h4>\n\t\t\t\t\t\t<div class='uagb-post__text uagb-post-grid-byline'>\n\t\t\t\t\t\t\t\t<time datetime=\"2024-10-08T18:27:45+00:00\" class=\"uagb-post__date\">\n\t\t\t\t<span class=\"dashicons-calendar dashicons\"><\/span>\t\t\t\t\toutubro 8, 2024\t\t\t\t<\/time>\n\t\t\t\t\t\t\t<span class=\"uagb-post__comment\">\n\t\t\t\t<span class=\"dashicons-admin-comments dashicons\"><\/span>\t\t\t\t\tNenhum coment\u00e1rio\t\t\t\t<\/span>\n\t\t\t\t\t\t<\/div>\n\t\t\t\t\t\t\t<div class='uagb-post__text uagb-post__excerpt'>\n\t\t\t\t\t<p>Cerimonial-e-Protocolo-de-eventos-internacionais-2-2-1Baixar<\/p>\n\t\t\t\t<\/div>\n\t\t\t\t\t\t<div class=\"uagb-post__text uagb-post__cta wp-block-button\">\n\t\t\t\t<a class=\"wp-block-button__link uagb-text-link\" href=\"https:\/\/proex.uepa.br\/index.php\/cursos-de-extensao-para-todas-as-comunidades\/\" target=\"_self\" rel=\"bookmark noopener noreferrer\">Ler mais<\/a>\n\t\t\t<\/div>\n\t\t\t\t\t\t\t\t\t\t\t\t<\/article>\n\t\t\t\t\t\t\t\t\t\t\t<\/div>\n\t\t\t<\/div>\n<\/div>\n<\/div>\n<\/div>\n\n\n\n<div class=\"wp-block-column is-layout-flow wp-block-column-is-layout-flow\" style=\"flex-basis:33.33%\">\n<div class=\"wp-block-uagb-buttons uagb-buttons__outer-wrap uagb-btn__default-btn uagb-btn-tablet__default-btn uagb-btn-mobile__default-btn uagb-block-d7d2f48a\"><div class=\"uagb-buttons__wrap uagb-buttons-layout-wrap\">\n<div class=\"wp-block-uagb-buttons-child uagb-buttons__outer-wrap uagb-block-13fd6e90 wp-block-button is-style-outline\"><div class=\"uagb-button__wrapper\"><a class=\"uagb-buttons-repeater wp-block-button__link\" href=\"https:\/\/proex.uepa.br\/index.php\/editais\/\" onclick=\"return true;\" rel=\"follow noopener\" target=\"_self\"><div class=\"uagb-button__link\">Veja Mais!<\/div><\/a><\/div><\/div>\n<\/div><\/div>\n<\/div>\n<\/div>\n<\/div>\n\n\n\n<div class=\"inherit-container-width wp-block-group is-layout-constrained wp-block-group-is-layout-constrained\">\n<div class=\"wp-block-columns is-not-stacked-on-mobile is-layout-flex wp-container-core-columns-is-layout-28f84493 wp-block-columns-is-layout-flex\">\n<div class=\"wp-block-column is-layout-flow wp-block-column-is-layout-flow\" style=\"flex-basis:66.66%\">\n<div class=\"wp-block-uagb-advanced-heading uagb-block-4a9bd130\"><h2 class=\"uagb-heading-text\">Programas e Projetos<\/h2><\/div>\n<\/div>\n\n\n\n<div class=\"wp-block-column is-layout-flow wp-block-column-is-layout-flow\" style=\"flex-basis:33.33%\">\n<div class=\"wp-block-uagb-buttons uagb-buttons__outer-wrap uagb-btn__default-btn uagb-btn-tablet__default-btn uagb-btn-mobile__default-btn uagb-block-dd0eb847\"><div class=\"uagb-buttons__wrap uagb-buttons-layout-wrap\">\n<div class=\"wp-block-uagb-buttons-child uagb-buttons__outer-wrap uagb-block-547a8769 wp-block-button is-style-outline\"><div class=\"uagb-button__wrapper\"><a class=\"uagb-buttons-repeater wp-block-button__link\" href=\"https:\/\/proex.uepa.br\/index.php\/programas-e-projetos\/\" onclick=\"return true;\" rel=\"follow noopener\" target=\"_self\"><div class=\"uagb-button__link\">Veja Mais!<\/div><\/a><\/div><\/div>\n<\/div><\/div>\n<\/div>\n<\/div>\n\n\n\n\t\t\t<div class=\"wp-block-uagb-post-carousel uagb-post-grid  uagb-post__image-position-top uagb-post__image-enabled uagb-block-0cf8e04e     uagb-post__arrow-outside uagb-slick-carousel uagb-post__items uagb-post__columns-3 is-carousel uagb-post__columns-tablet-2 uagb-post__columns-mobile-1\" data-total=\"1\" style=\"\">\n\n\t\t\t\t\t\t\t\t\t\t\t\t<article class=\"uagb-post__inner-wrap\">\t\t\t\t\t\t\t\t<div class='uagb-post__image'>\n\t\t\t\t\t\t\t\t\t<a href=\"https:\/\/proex.uepa.br\/index.php\/uepa-nas-comunidades\/\" target=\"_self\" rel=\"bookmark noopener noreferrer\"><img loading=\"lazy\" decoding=\"async\" width=\"300\" height=\"114\" src=\"https:\/\/proex.uepa.br\/wp-content\/uploads\/2014\/07\/Slide25-removebg-preview-e1721835824540-300x114.png\" class=\"attachment-medium size-medium\" alt=\"\" srcset=\"https:\/\/proex.uepa.br\/wp-content\/uploads\/2014\/07\/Slide25-removebg-preview-e1721835824540-300x114.png 300w, https:\/\/proex.uepa.br\/wp-content\/uploads\/2014\/07\/Slide25-removebg-preview-e1721835824540.png 462w\" sizes=\"auto, (max-width: 300px) 100vw, 300px\" \/>\t\t\t\t\t<\/a>\n\t\t\t\t\t\t\t\t\t<\/div>\n\t\t\t\t\t\t<div class='uagb-post__text uagb-post-grid-byline'>\n\t\t\t\t\t\t\t<\/div>\n\t\t\t\t\t\t\t\t\t\t\t\t<\/article>\n\t\t\t\t\t\t\t\t\t\t\t\t\t\t\t\t<article class=\"uagb-post__inner-wrap\">\t\t\t\t\t\t\t\t<div class='uagb-post__image'>\n\t\t\t\t\t\t\t\t\t<a href=\"https:\/\/proex.uepa.br\/index.php\/festival-cultura-uepa\/\" target=\"_self\" rel=\"bookmark noopener noreferrer\"><img loading=\"lazy\" decoding=\"async\" width=\"300\" height=\"169\" src=\"https:\/\/proex.uepa.br\/wp-content\/uploads\/2014\/07\/Design-sem-nome-21-300x169.png\" class=\"attachment-medium size-medium\" alt=\"\" srcset=\"https:\/\/proex.uepa.br\/wp-content\/uploads\/2014\/07\/Design-sem-nome-21-300x169.png 300w, https:\/\/proex.uepa.br\/wp-content\/uploads\/2014\/07\/Design-sem-nome-21-1024x576.png 1024w, https:\/\/proex.uepa.br\/wp-content\/uploads\/2014\/07\/Design-sem-nome-21-768x432.png 768w, https:\/\/proex.uepa.br\/wp-content\/uploads\/2014\/07\/Design-sem-nome-21-1536x864.png 1536w, https:\/\/proex.uepa.br\/wp-content\/uploads\/2014\/07\/Design-sem-nome-21.png 1920w\" sizes=\"auto, (max-width: 300px) 100vw, 300px\" \/>\t\t\t\t\t<\/a>\n\t\t\t\t\t\t\t\t\t<\/div>\n\t\t\t\t\t\t<div class='uagb-post__text uagb-post-grid-byline'>\n\t\t\t\t\t\t\t<\/div>\n\t\t\t\t\t\t\t\t\t\t\t\t<\/article>\n\t\t\t\t\t\t\t\t\t\t\t\t\t\t\t\t<article class=\"uagb-post__inner-wrap\">\t\t\t\t\t\t\t\t<div class='uagb-post__image'>\n\t\t\t\t\t\t\t\t\t<a href=\"https:\/\/proex.uepa.br\/index.php\/programa-de-extensao-universitaria-proext\/\" target=\"_self\" rel=\"bookmark noopener noreferrer\"><img loading=\"lazy\" decoding=\"async\" width=\"300\" height=\"97\" src=\"https:\/\/proex.uepa.br\/wp-content\/uploads\/2014\/07\/proext_mec-300x97.png\" class=\"attachment-medium size-medium\" alt=\"proext mec\" srcset=\"https:\/\/proex.uepa.br\/wp-content\/uploads\/2014\/07\/proext_mec-300x97.png 300w, https:\/\/proex.uepa.br\/wp-content\/uploads\/2014\/07\/proext_mec.png 660w\" sizes=\"auto, (max-width: 300px) 100vw, 300px\" \/>\t\t\t\t\t<\/a>\n\t\t\t\t\t\t\t\t\t<\/div>\n\t\t\t\t\t\t<div class='uagb-post__text uagb-post-grid-byline'>\n\t\t\t\t\t\t\t<\/div>\n\t\t\t\t\t\t\t\t\t\t\t\t<\/article>\n\t\t\t\t\t\t\t\t\t\t\t\t\t\t\t\t<article class=\"uagb-post__inner-wrap\">\t\t\t\t\t\t\t\t<div class='uagb-post__image'>\n\t\t\t\t\t\t\t\t\t<a href=\"https:\/\/proex.uepa.br\/index.php\/programa-campus-avancado\/\" target=\"_self\" rel=\"bookmark noopener noreferrer\"><img loading=\"lazy\" decoding=\"async\" width=\"292\" height=\"300\" src=\"https:\/\/proex.uepa.br\/wp-content\/uploads\/2014\/07\/Campus-Avancado_logo-292x300.png\" class=\"attachment-medium size-medium\" alt=\"Campus-Avancado logo\" srcset=\"https:\/\/proex.uepa.br\/wp-content\/uploads\/2014\/07\/Campus-Avancado_logo-292x300.png 292w, https:\/\/proex.uepa.br\/wp-content\/uploads\/2014\/07\/Campus-Avancado_logo-997x1024.png 997w, https:\/\/proex.uepa.br\/wp-content\/uploads\/2014\/07\/Campus-Avancado_logo-768x789.png 768w, https:\/\/proex.uepa.br\/wp-content\/uploads\/2014\/07\/Campus-Avancado_logo.png 1095w\" sizes=\"auto, (max-width: 292px) 100vw, 292px\" \/>\t\t\t\t\t<\/a>\n\t\t\t\t\t\t\t\t\t<\/div>\n\t\t\t\t\t\t<div class='uagb-post__text uagb-post-grid-byline'>\n\t\t\t\t\t\t\t<\/div>\n\t\t\t\t\t\t\t\t\t\t\t\t<\/article>\n\t\t\t\t\t\t\t\t\t\t\t\t\t\t\t\t<article class=\"uagb-post__inner-wrap\">\t\t\t\t\t\t\t\t<div class='uagb-post__image'>\n\t\t\t\t\t\t\t\t\t<a href=\"https:\/\/proex.uepa.br\/index.php\/programa-de-apoio-e-desenvolvimento-as-atividades-de-extensao-chamadas\/\" target=\"_self\" rel=\"bookmark noopener noreferrer\"><img loading=\"lazy\" decoding=\"async\" width=\"300\" height=\"111\" src=\"https:\/\/proex.uepa.br\/wp-content\/uploads\/2014\/07\/Chamada_logo-300x111.png\" class=\"attachment-medium size-medium\" alt=\"Chamada logo\" srcset=\"https:\/\/proex.uepa.br\/wp-content\/uploads\/2014\/07\/Chamada_logo-300x111.png 300w, https:\/\/proex.uepa.br\/wp-content\/uploads\/2014\/07\/Chamada_logo-1024x379.png 1024w, https:\/\/proex.uepa.br\/wp-content\/uploads\/2014\/07\/Chamada_logo-768x285.png 768w, https:\/\/proex.uepa.br\/wp-content\/uploads\/2014\/07\/Chamada_logo.png 1282w\" sizes=\"auto, (max-width: 300px) 100vw, 300px\" \/>\t\t\t\t\t<\/a>\n\t\t\t\t\t\t\t\t\t<\/div>\n\t\t\t\t\t\t<div class='uagb-post__text uagb-post-grid-byline'>\n\t\t\t\t\t\t\t<\/div>\n\t\t\t\t\t\t\t\t\t\t\t\t<\/article>\n\t\t\t\t\t\t\t\t\t\t\t<\/div>\n\t\t\t<\/div>\n<\/div><\/div>\n\n\n\n<div class=\"wp-block-uagb-container uagb-block-bc2e08c5 alignfull uagb-is-root-container\"><div class=\"uagb-container-inner-blocks-wrap\">\n<div class=\"wp-block-uagb-container uagb-block-390bd69d\"><\/div>\n\n\n\n<div class=\"wp-block-uagb-container uagb-block-f866a2d9\"><\/div>\n<\/div><\/div>\n","protected":false},"excerpt":{"rendered":"<p>Pr\u00f3-Reitoria de Extens\u00e3o Universit\u00e1ria A Pr\u00f3-Reitoria de Extens\u00e3o da Universidade do Estado do Par\u00e1 \u2013 PROEX demonstra sua estrutura\u00e7\u00e3o, compet\u00eancias e defini\u00e7\u00e3o de fun\u00e7\u00f5es no Regimento Geral\/UEPA (1994) em seu T\u00edtulo IV, Cap\u00edtulo III e art. 54, onde afirma o conceito de que: \u201cA Extens\u00e3o tem por fim promover a articula\u00e7\u00e3o entre o ensino e &hellip;<\/p>\n<p class=\"read-more\"> <a class=\"\" href=\"https:\/\/proex.uepa.br\/\"> <span class=\"screen-reader-text\">Home<\/span> Leia mais &raquo;<\/a><\/p>\n","protected":false},"author":1,"featured_media":0,"parent":0,"menu_order":0,"comment_status":"closed","ping_status":"closed","template":"","meta":{"_uag_custom_page_level_css":".ast-above-header-wrap  {\nbackground: none!important;\n}","site-sidebar-layout":"default","site-content-layout":"","ast-site-content-layout":"default","site-content-style":"default","site-sidebar-style":"default","ast-global-header-display":"","ast-banner-title-visibility":"","ast-main-header-display":"","ast-hfb-above-header-display":"","ast-hfb-below-header-display":"","ast-hfb-mobile-header-display":"","site-post-title":"disabled","ast-breadcrumbs-content":"","ast-featured-img":"","footer-sml-layout":"","theme-transparent-header-meta":"enabled","adv-header-id-meta":"","stick-header-meta":"","header-above-stick-meta":"","header-main-stick-meta":"","header-below-stick-meta":"","astra-migrate-meta-layouts":"set","ast-page-background-enabled":"default","ast-page-background-meta":{"desktop":{"background-color":"var(--ast-global-color-4)","background-image":"","background-repeat":"repeat","background-position":"center center","background-size":"auto","background-attachment":"scroll","background-type":"","background-media":"","overlay-type":"","overlay-color":"","overlay-gradient":""},"tablet":{"background-color":"","background-image":"","background-repeat":"repeat","background-position":"center center","background-size":"auto","background-attachment":"scroll","background-type":"","background-media":"","overlay-type":"","overlay-color":"","overlay-gradient":""},"mobile":{"background-color":"","background-image":"","background-repeat":"repeat","background-position":"center center","background-size":"auto","background-attachment":"scroll","background-type":"","background-media":"","overlay-type":"","overlay-color":"","overlay-gradient":""}},"ast-content-background-meta":{"desktop":{"background-color":"var(--ast-global-color-5)","background-image":"","background-repeat":"repeat","background-position":"center center","background-size":"auto","background-attachment":"scroll","background-type":"","background-media":"","overlay-type":"","overlay-color":"","overlay-gradient":""},"tablet":{"background-color":"var(--ast-global-color-5)","background-image":"","background-repeat":"repeat","background-position":"center center","background-size":"auto","background-attachment":"scroll","background-type":"","background-media":"","overlay-type":"","overlay-color":"","overlay-gradient":""},"mobile":{"background-color":"var(--ast-global-color-5)","background-image":"","background-repeat":"repeat","background-position":"center center","background-size":"auto","background-attachment":"scroll","background-type":"","background-media":"","overlay-type":"","overlay-color":"","overlay-gradient":""}},"footnotes":""},"class_list":["post-133","page","type-page","status-publish","hentry"],"uagb_featured_image_src":{"full":false,"thumbnail":false,"medium":false,"medium_large":false,"large":false,"1536x1536":false,"2048x2048":false},"uagb_author_info":{"display_name":"adminsites@uepa.br","author_link":"https:\/\/proex.uepa.br\/index.php\/author\/adminsitesuepa-br\/"},"uagb_comment_info":0,"uagb_excerpt":"Pr\u00f3-Reitoria de Extens\u00e3o Universit\u00e1ria A Pr\u00f3-Reitoria de Extens\u00e3o da Universidade do Estado do Par\u00e1 \u2013 PROEX demonstra sua estrutura\u00e7\u00e3o, compet\u00eancias e defini\u00e7\u00e3o de fun\u00e7\u00f5es no Regimento Geral\/UEPA (1994) em seu T\u00edtulo IV, Cap\u00edtulo III e art. 54, onde afirma o conceito de que: \u201cA Extens\u00e3o tem por fim promover a articula\u00e7\u00e3o entre o ensino e&hellip;","_links":{"self":[{"href":"https:\/\/proex.uepa.br\/index.php\/wp-json\/wp\/v2\/pages\/133","targetHints":{"allow":["GET"]}}],"collection":[{"href":"https:\/\/proex.uepa.br\/index.php\/wp-json\/wp\/v2\/pages"}],"about":[{"href":"https:\/\/proex.uepa.br\/index.php\/wp-json\/wp\/v2\/types\/page"}],"author":[{"embeddable":true,"href":"https:\/\/proex.uepa.br\/index.php\/wp-json\/wp\/v2\/users\/1"}],"replies":[{"embeddable":true,"href":"https:\/\/proex.uepa.br\/index.php\/wp-json\/wp\/v2\/comments?post=133"}],"version-history":[{"count":26,"href":"https:\/\/proex.uepa.br\/index.php\/wp-json\/wp\/v2\/pages\/133\/revisions"}],"predecessor-version":[{"id":1123,"href":"https:\/\/proex.uepa.br\/index.php\/wp-json\/wp\/v2\/pages\/133\/revisions\/1123"}],"wp:attachment":[{"href":"https:\/\/proex.uepa.br\/index.php\/wp-json\/wp\/v2\/media?parent=133"}],"curies":[{"name":"wp","href":"https:\/\/api.w.org\/{rel}","templated":true}]}}